{"id":75,"date":"2012-10-25T00:13:33","date_gmt":"2012-10-24T22:13:33","guid":{"rendered":"http:\/\/akebakkeskogen.no\/wp\/?page_id=75"},"modified":"2020-07-01T10:35:38","modified_gmt":"2020-07-01T09:35:38","slug":"miljoutvalget","status":"publish","type":"page","link":"https:\/\/www.akebakkeskogen.no\/?page_id=75","title":{"rendered":"Milj\u00f8utvalget"},"content":{"rendered":"<p>Felles epost-adresse til Milj\u00f8utvalget (MU): <strong>akebakkeskogen.miljoutvalg@gmail.com<\/strong><\/p>\n\n<table id=\"tablepress-2\" class=\"tablepress tablepress-id-2\">\n<thead>\n<tr class=\"row-1\">\n\t<th class=\"column-1\">NAVN<\/th><th class=\"column-2\">FELT (HUSNR)<\/th><th class=\"column-3\">VALGT<\/th><th class=\"column-4\">KONTAKTINFORMASJON<\/th>\n<\/tr>\n<\/thead>\n<tbody class=\"row-striping row-hover\">\n<tr class=\"row-2\">\n\t<td class=\"column-1\">Tone Weng\u00e5rd Almo<\/td><td class=\"column-2\">Bl\u00e5tt<\/td><td class=\"column-3\">2024<\/td><td class=\"column-4\"> 911 43 476<\/td>\n<\/tr>\n<tr class=\"row-3\">\n\t<td class=\"column-1\">Therese Enbom<\/td><td class=\"column-2\">Gr\u00f8nt<\/td><td class=\"column-3\">2024<\/td><td class=\"column-4\"><\/td>\n<\/tr>\n<tr class=\"row-4\">\n\t<td class=\"column-1\">Martha Syvertsen<\/td><td class=\"column-2\">Hvitt<\/td><td class=\"column-3\">2024<\/td><td class=\"column-4\"><\/td>\n<\/tr>\n<tr class=\"row-5\">\n\t<td class=\"column-1\">Morten Prytz Frivoll<\/td><td class=\"column-2\">R\u00f8dt<\/td><td class=\"column-3\">2024<\/td><td class=\"column-4\">482 71 042<\/td>\n<\/tr>\n<\/tbody>\n<\/table>\n<!-- #tablepress-2 from cache -->\n<h2>Varamedlemmer:<\/h2>\n<ul>\n<li>Bl\u00e5tt felt: Marianne Freang Kloms\u00e6t<\/li>\n<li>Gr\u00f8nt felt: Simen Markussen<\/li>\n<li>Hvitt felt: Marte Horne<\/li>\n<li>R\u00f8dt felt: Endre Stokseth<\/li>\n<\/ul>\n<p>MU sine medlemmer velges for en periode p\u00e5 to \u00e5r, mens varamedlemmer velges for ett \u00e5r.<\/p>\n<p>Retningslinjer for Milj\u00f8utvalget ligger som vedlegg til Vedtektene.<br \/>Vedtektene ble sist endret og vedtatt i Generalforsamling 06.06.2018.<\/p>\n<p style=\"text-align: right;\">Sist oppdatert [19.08.2019]<\/p>\n<hr \/>\n\n\n<h2 class=\"wp-block-heading\">Retningslinjer for Milj\u00f8utvalget (MU) i Akebakkeskogen borettslag<\/h2>\n\n\n\n<p><strong>Sammensetning<\/strong> <br> Milj\u00f8utvalget skal best\u00e5 av fire medlemmer \u2013 fortrinnsvis ett fra hvert felt i borettslaget. <br> Det skal ogs\u00e5 velges 2 varamedlemmer til utvalget.<\/p>\n\n\n\n<p><strong>Valg og funksjonstid<\/strong><br>Medlemmene til utvalget nomineres av valgkomiteen og velges av Generalforsamlingen for to \u00e5r av gangen. For \u00e5 sikre kontinuitet i arbeidet skal medlemmene fortrinnsvis velges slik at 2 av medlemmene er p\u00e5 valg hver \u00e5r.<br><br>Hvis alle felt ikke er representert i utvalget m\u00e5 MU utnevne en kontaktperson blant medlemmene for dette feltet. Medlemmer av milj\u00f8utvalget kan gjenvelges et ubegrenset antall ganger. Medlemmene skal aktivt bidra til \u00e5 rekruttere nye medlemmer til utvalget.<\/p>\n\n\n\n<p><strong>Organisering<\/strong><br>Utvalgets leder velges av Generalforsamlingen for ett \u00e5r av gangen. Lederen for utvalget skal kalle inn til m\u00f8ter og p\u00e5se at utvalget gjennomf\u00f8rer sine oppgaver i tr\u00e5d med denne instruksen.<\/p>\n\n\n\n<p><strong>Rapportering<\/strong><br>Milj\u00f8utvalget rapporterer til borettslages styre. Utvalgets leder har m\u00f8terett p\u00e5 styrem\u00f8tene.<\/p>\n\n\n\n<p><strong>Aktiviteter<\/strong><br>Milj\u00f8utvalget skal normalt avvikle f\u00f8lgende aktiviteter: fotballturnering, h\u00f8stdugnad, juletrefest, akedag og v\u00e5rdugnad.<br>Utvalget skal utarbeide halv\u00e5rsplaner for periodene august til januar og februar til juli. Halv\u00e5rsplanene skal best\u00e5 av datoer for planlagte aktiviteter. Halv\u00e5rsplanene legges fram for og godkjennes av styret henholdsvis i juni og desember. N\u00e5r halv\u00e5rsplanene er godkjent, skal de gj\u00f8res kjent for beboerne gjennom skriv \u2013 for eksempel i \u201dStyret informerer\u201d og p\u00e5 borettslagets hjemmeside.<br>Milj\u00f8utvalget skal bestille containere til juletr\u00e6r og til dugnader. For \u00f8vrig kan utvalget bestille containere i samr\u00e5d med styreleder.<br>Milj\u00f8utvalget skal bestille feiing av gangveier og parkeringsplasser i forbindelse med v\u00e5rdugnaden.<\/p>\n\n\n\n<p><strong>Informasjon<\/strong><br>Milj\u00f8utvalget skal holde beboerne informert om hver enkelte aktivitet gjennom skriv, oppslag og via borettslagets hjemmeside. Milj\u00f8utvalget skal s\u00f8rge for at informasjon om utvalget p\u00e5 borettslagets hjemmeside er oppdatert.<\/p>\n\n\n\n<p><strong>\u00d8konomi<\/strong><br>Milj\u00f8utvalget skal utarbeide budsjett for sitt arbeide. Dette budsjettet sendes Styret for godkjenning innen utgangen av november hver \u00e5r. Dette bel\u00f8pet skal dekke utgifter i forbindelse med aktivitetene og innkj\u00f8p av redskaper m.m. til de enkelte feltene. Eventuelle utgifter utover godkjent budsjett skal klareres med styret p\u00e5 forh\u00e5nd.<\/p>\n","protected":false},"excerpt":{"rendered":"<p>Felles epost-adresse til Milj\u00f8utvalget (MU): akebakkeskogen.miljoutvalg@gmail.com Varamedlemmer: Bl\u00e5tt felt: Marianne Freang Kloms\u00e6t Gr\u00f8nt felt: Simen Markussen Hvitt felt: Marte Horne R\u00f8dt felt: Endre Stokseth MU sine medlemmer velges for en periode p\u00e5 to \u00e5r, mens varamedlemmer velges for ett \u00e5r. &hellip; <a href=\"https:\/\/www.akebakkeskogen.no\/?page_id=75\">Les videre <span class=\"meta-nav\">&rarr;<\/span><\/a><\/p>\n","protected":false},"author":1,"featured_media":0,"parent":35,"menu_order":0,"comment_status":"closed","ping_status":"open","template":"","meta":{"footnotes":""},"class_list":["post-75","page","type-page","status-publish","hentry"],"_links":{"self":[{"href":"https:\/\/www.akebakkeskogen.no\/index.php?rest_route=\/wp\/v2\/pages\/75","targetHints":{"allow":["GET"]}}],"collection":[{"href":"https:\/\/www.akebakkeskogen.no\/index.php?rest_route=\/wp\/v2\/pages"}],"about":[{"href":"https:\/\/www.akebakkeskogen.no\/index.php?rest_route=\/wp\/v2\/types\/page"}],"author":[{"embeddable":true,"href":"https:\/\/www.akebakkeskogen.no\/index.php?rest_route=\/wp\/v2\/users\/1"}],"replies":[{"embeddable":true,"href":"https:\/\/www.akebakkeskogen.no\/index.php?rest_route=%2Fwp%2Fv2%2Fcomments&post=75"}],"version-history":[{"count":3,"href":"https:\/\/www.akebakkeskogen.no\/index.php?rest_route=\/wp\/v2\/pages\/75\/revisions"}],"predecessor-version":[{"id":1156,"href":"https:\/\/www.akebakkeskogen.no\/index.php?rest_route=\/wp\/v2\/pages\/75\/revisions\/1156"}],"up":[{"embeddable":true,"href":"https:\/\/www.akebakkeskogen.no\/index.php?rest_route=\/wp\/v2\/pages\/35"}],"wp:attachment":[{"href":"https:\/\/www.akebakkeskogen.no\/index.php?rest_route=%2Fwp%2Fv2%2Fmedia&parent=75"}],"curies":[{"name":"wp","href":"https:\/\/api.w.org\/{rel}","templated":true}]}}