{"id":362,"date":"2015-06-17T20:28:58","date_gmt":"2015-06-17T19:28:58","guid":{"rendered":"http:\/\/www.akebakkeskogen.no\/?page_id=362"},"modified":"2019-06-16T17:01:06","modified_gmt":"2019-06-16T16:01:06","slug":"grefsenkollengrefsenasen","status":"publish","type":"page","link":"https:\/\/www.akebakkeskogen.no\/?page_id=362","title":{"rendered":"Grefsenkollen\/Grefsen\u00e5sen"},"content":{"rendered":"<p>Grefsen\u00e5sen er et h\u00f8ydedrag lengst s\u00f8rvest i Lillomarka.<a href=\"https:\/\/www.akebakkeskogen.no\/wp-content\/uploads\/DJI06495+edit_mini.jpg\"><img loading=\"lazy\" decoding=\"async\" class=\"alignright size-medium wp-image-363\" alt=\"DJI06495+edit_mini\" src=\"https:\/\/www.akebakkeskogen.no\/wp-content\/uploads\/DJI06495+edit_mini-300x218.jpg\" width=\"300\" height=\"218\"><\/a> Grefsenkollveien f\u00f8rer til toppen hvor en restaurantbygning<br \/>\nble oppf\u00f8rt i 1927. H\u00f8yeste punkt er Grefsenkollen (377 moh.).<br \/>\nGrefsen\u00e5sen er et popul\u00e6rt tur- og rekreasjonsomr\u00e5de og blir benyttet til mange ulike aktiviteter &#8211;<br \/>\nfra ordin\u00e6r mosjon, trening, sykling og skiidrett til klatring og hangglider.<br \/>\n\u00d8stre Grefsen har v\u00e6rt i Olsenslektens eie fra 1854. Det var Iver Bredo Olsens interesse for hjembygden<br \/>\nsom gjorde at Grefsen\u00e5sen ble bevart og utlagt til folkepark. Saken hadde ofte v\u00e6rt oppe blant kommunestyrets&nbsp;representanter, og Iver Bredo Olsen hadde tilbudt seg \u00e5 selge deler av Grefsen\u00e5sen til kommunen for en rimelig&nbsp;penge mot at den ikke skulle bebygges, men utlegges til folkepark. Han fikk mange gode tilbud p\u00e5 eiendommen fra&nbsp;kakser som ville ha seg en skikkelig utkikkstomt. I 1912 solgte han 1350 m\u00e5l av Grefsen\u00e5sen til Aker og Kristiania&nbsp;kommuner i fellesskap for 120 000 kroner mot at den ikke skulle bebygges.<br \/>\nUnder andre verdenskrig hadde tyskerne kontrollen over stedet. Det tok noen \u00e5r etter krigen f\u00f8r stedet p\u00e5 50- og 60-tallet&nbsp;igjen fikk sv\u00e6rt stor bes\u00f8ksmengde og omr\u00e5de rundt ble flittig benyttet til diverse sportsaktiviteter. Grefsen\u00e5sen er ogs\u00e5 i dag<br \/>\net popul\u00e6rt tur- og rekreasjonsomr\u00e5de og blir benyttet til mange ulike aktiviteter &#8211; fra ordin\u00e6r mosjon, trening, sykling og&nbsp;skiidrett til klatring, hanggliding og paragliding.<\/p>\n<p>Kilde: <a title=\"wikipedia\" href=\"http:\/\/no.wikipedia.org\/wiki\/Grefsen%C3%A5sen\" target=\"_blank\" rel=\"noopener noreferrer\">wikipedia<\/a><\/p>\n","protected":false},"excerpt":{"rendered":"<p>Grefsen\u00e5sen er et h\u00f8ydedrag lengst s\u00f8rvest i Lillomarka. Grefsenkollveien f\u00f8rer til toppen hvor en restaurantbygning ble oppf\u00f8rt i 1927. H\u00f8yeste punkt er Grefsenkollen (377 moh.). Grefsen\u00e5sen er et popul\u00e6rt tur- og rekreasjonsomr\u00e5de og blir benyttet til mange ulike aktiviteter &#8211; &hellip; <a href=\"https:\/\/www.akebakkeskogen.no\/?page_id=362\">Les videre <span class=\"meta-nav\">&rarr;<\/span><\/a><\/p>\n","protected":false},"author":1,"featured_media":0,"parent":842,"menu_order":0,"comment_status":"closed","ping_status":"closed","template":"","meta":{"footnotes":""},"class_list":["post-362","page","type-page","status-publish","hentry"],"_links":{"self":[{"href":"https:\/\/www.akebakkeskogen.no\/index.php?rest_route=\/wp\/v2\/pages\/362","targetHints":{"allow":["GET"]}}],"collection":[{"href":"https:\/\/www.akebakkeskogen.no\/index.php?rest_route=\/wp\/v2\/pages"}],"about":[{"href":"https:\/\/www.akebakkeskogen.no\/index.php?rest_route=\/wp\/v2\/types\/page"}],"author":[{"embeddable":true,"href":"https:\/\/www.akebakkeskogen.no\/index.php?rest_route=\/wp\/v2\/users\/1"}],"replies":[{"embeddable":true,"href":"https:\/\/www.akebakkeskogen.no\/index.php?rest_route=%2Fwp%2Fv2%2Fcomments&post=362"}],"version-history":[{"count":1,"href":"https:\/\/www.akebakkeskogen.no\/index.php?rest_route=\/wp\/v2\/pages\/362\/revisions"}],"predecessor-version":[{"id":988,"href":"https:\/\/www.akebakkeskogen.no\/index.php?rest_route=\/wp\/v2\/pages\/362\/revisions\/988"}],"up":[{"embeddable":true,"href":"https:\/\/www.akebakkeskogen.no\/index.php?rest_route=\/wp\/v2\/pages\/842"}],"wp:attachment":[{"href":"https:\/\/www.akebakkeskogen.no\/index.php?rest_route=%2Fwp%2Fv2%2Fmedia&parent=362"}],"curies":[{"name":"wp","href":"https:\/\/api.w.org\/{rel}","templated":true}]}}