{"id":154,"date":"2013-03-07T02:44:29","date_gmt":"2013-03-07T01:44:29","guid":{"rendered":"http:\/\/www.akebakkeskogen.no\/?page_id=154"},"modified":"2019-06-16T16:50:17","modified_gmt":"2019-06-16T15:50:17","slug":"grontareal","status":"publish","type":"page","link":"https:\/\/www.akebakkeskogen.no\/?page_id=154","title":{"rendered":"Gr\u00f8ntareal"},"content":{"rendered":"<p>GR\u00d8NTAREALER &#8211; TR\u00c6R, BUSKER<br \/>\nReferanse: Husordensregler \u00a76 og \u00a711<br \/>\nTr\u00e6r\/busker, som er plantet av de enkelte beboere langs stikkveier og gangstier, skal til enhver tid beskj\u00e6res\/klippes, slik at ferdsel ikke hemmes. Dette vil bl.a. bety at rekkverk langs gangstiene skal v\u00e6re frie, slik at man kan st\u00f8tte seg p\u00e5 dem.<\/p>\n<p>For \u00f8vrig oppfordres alle beboere om \u00e5 ta ansvar for sitt umiddelbare n\u00e6romr\u00e5de. Dette betyr \u00e5 klippe plen og luke litt p\u00e5 opparbeidet fellesarealer, som grenser opp mot ens egen lille \u00abteig\u00bb.<\/p>\n<p>Gjeldende regler for felling av tr\u00e6r og busker<\/p>\n<p>Felling, topping og tynning av tr\u00e6r p\u00e5 borettslagets fellesarealer skal s\u00f8kes styret skriftlig. Med hjelp av merking og ev. skisser, skal det angis hvilke tr\u00e6r som \u00f8nskes felt eller toppet. S\u00f8knaden skal v\u00e6re begrunnet. S\u00f8ker sender samtidig varsel om s\u00f8knad til de husstander som grenser til det aktuelle omr\u00e5det.<\/p>\n<p>Det er viktig \u00e5 ivareta helheten i omr\u00e5det mht. tr\u00e6r og beplantning for \u00f8vrig. Styret vil derfor ikke vurdere felling av ett og ett tre, men samle opp innkomne forslag og gj\u00f8re en totalvurdering, slik som i 96\/97. Dette inneb\u00e6rer ogs\u00e5 befaring med interesserte beboere og vurdering av anleggsgartner eller landskapsarkitekt.<\/p>\n<p>F\u00f8lgende tre prinsipper gjelder ved vurderingen:<\/p>\n<p>Ivareta omr\u00e5dets naturlige karakter<\/p>\n<p>Skjerming mot innsyn<\/p>\n<p>Krav til sol og lys<\/p>\n<p>Styret tar endelig stilling og fatter vedtak. Det synes hensiktsmessig \u00e5 gj\u00f8re en totalvurdering ca. hvert 5.\u00e5r.<\/p>\n","protected":false},"excerpt":{"rendered":"<p>GR\u00d8NTAREALER &#8211; TR\u00c6R, BUSKER Referanse: Husordensregler \u00a76 og \u00a711 Tr\u00e6r\/busker, som er plantet av de enkelte beboere langs stikkveier og gangstier, skal til enhver tid beskj\u00e6res\/klippes, slik at ferdsel ikke hemmes. Dette vil bl.a. bety at rekkverk langs gangstiene skal &hellip; <a href=\"https:\/\/www.akebakkeskogen.no\/?page_id=154\">Les videre <span class=\"meta-nav\">&rarr;<\/span><\/a><\/p>\n","protected":false},"author":1,"featured_media":0,"parent":152,"menu_order":0,"comment_status":"closed","ping_status":"closed","template":"","meta":{"footnotes":""},"class_list":["post-154","page","type-page","status-publish","hentry"],"_links":{"self":[{"href":"https:\/\/www.akebakkeskogen.no\/index.php?rest_route=\/wp\/v2\/pages\/154","targetHints":{"allow":["GET"]}}],"collection":[{"href":"https:\/\/www.akebakkeskogen.no\/index.php?rest_route=\/wp\/v2\/pages"}],"about":[{"href":"https:\/\/www.akebakkeskogen.no\/index.php?rest_route=\/wp\/v2\/types\/page"}],"author":[{"embeddable":true,"href":"https:\/\/www.akebakkeskogen.no\/index.php?rest_route=\/wp\/v2\/users\/1"}],"replies":[{"embeddable":true,"href":"https:\/\/www.akebakkeskogen.no\/index.php?rest_route=%2Fwp%2Fv2%2Fcomments&post=154"}],"version-history":[{"count":2,"href":"https:\/\/www.akebakkeskogen.no\/index.php?rest_route=\/wp\/v2\/pages\/154\/revisions"}],"predecessor-version":[{"id":1049,"href":"https:\/\/www.akebakkeskogen.no\/index.php?rest_route=\/wp\/v2\/pages\/154\/revisions\/1049"}],"up":[{"embeddable":true,"href":"https:\/\/www.akebakkeskogen.no\/index.php?rest_route=\/wp\/v2\/pages\/152"}],"wp:attachment":[{"href":"https:\/\/www.akebakkeskogen.no\/index.php?rest_route=%2Fwp%2Fv2%2Fmedia&parent=154"}],"curies":[{"name":"wp","href":"https:\/\/api.w.org\/{rel}","templated":true}]}}