{"id":152,"date":"2013-03-07T02:43:08","date_gmt":"2013-03-07T01:43:08","guid":{"rendered":"http:\/\/www.akebakkeskogen.no\/?page_id=152"},"modified":"2025-04-27T08:34:20","modified_gmt":"2025-04-27T07:34:20","slug":"vedlikehold","status":"publish","type":"page","link":"https:\/\/www.akebakkeskogen.no\/?page_id=152","title":{"rendered":"Nyttig info"},"content":{"rendered":"<p>Referanse: Husordensregler \u00a78, Husleiekontrakt \u00a77<br \/>\nIndre og ytre vedlikehold &#8211; &laquo;hjelp til selvhjelp&raquo;<\/p>\n<p>Postkasseskilt:\u00a0<a href=\"https:\/\/www.akebakkeskogen.no\/?page_id=713\">Bestilling av postkasseskilt<\/a><\/p>\n<p>D\u00f8rer<br \/>\nD\u00f8rene m\u00e5 \u00e5rlig sm\u00f8res i hengsler og l\u00e5ser med vanlig l\u00e5solje, 556 spray eller annet egnet sm\u00f8remiddel.<\/p>\n<p>Gulv<\/p>\n<p>Ved oppussing\/utskifting av gulv, parkett og lignende er det viktig \u00e5 beholde alle de lydisolerende elementene som n\u00e5lefilt\/tepper og lignende da det ellers kan bli for mye lydgjennomslag mellom leiligheter i forskjellige etasjer. Om noen lydisolerende elementer fjernes m\u00e5 de erstattes av minst like bra lydisolerende materiale.<\/p>\n<p>Vinduer<br \/>\nVinduene b\u00f8r sm\u00f8res i alle bevegelige deler samt i glideskinnene en gang i \u00e5ret. Her kan man gjerne bruke vaselin.<\/p>\n<p>Ventiler<br \/>\nAlle ventiler som er tilknyttet ventilasjonsanlegget, s\u00e5 som baderomsventilen m\u00e5 rengj\u00f8res minst en gang pr. \u00e5r. Disse ventilene lar seg lett demontere ved at man trekker ventilen rett ned, og som rengj\u00f8ringsmiddel kan man nytte vanlig s\u00e5pevann.<\/p>\n<p>Rengj\u00f8ring av ventiler er meget viktig med tanke p\u00e5 et godt innemilj\u00f8.<\/p>\n<p>Kj\u00f8kkenvifta<br \/>\nVentilasjonsviften skal alltid v\u00e6re tilkoblet og i funksjon. Ristene i kj\u00f8kkenvifta b\u00f8r rengj\u00f8res i varmt s\u00e5pevann gjerne med salmiakk en gang pr. m\u00e5ned. Rene rister er viktig for innemilj\u00f8et. Fett som kommer inn i vifta p\u00e5 loftet kan for\u00e5rsake at motoren brenner opp.<\/p>\n<p>Ventilasjonskanalene<br \/>\nKanalene p\u00e5 loftet m\u00e5 aldri komme i klem eller rives fra hverandre, og de m\u00e5 heller ikke legges ned mellom bjelkene uten at det p\u00e5 forh\u00e5nd er konferert med en fagmann p\u00e5 omr\u00e5det.<\/p>\n<p>En kanal m\u00e5 kun helle mot ventiler eller mot vifta. Kanal med lave punkter mellom ventil og vifte vil danne \u00abkondensvann\u00bb i de laveste punktene om vinteren, noe som igjen kan f\u00f8re til store vannskader i bygningskonstruksjonen.<\/p>\n<p>Ventilasjon<\/p>\n<p>At leilighetenes ventilasjonssystem fungerer tilfredsstillende er av stor viktighet for bygningsmassen, og vi har hatt tilfeller av f\u00f8lgereparasjoner for\u00e5rsaket av h\u00f8y innvendig fuktighet. Beboerne m\u00e5 derfor v\u00e6re ekstra oppmerksomme p\u00e5:<\/p>\n<p>At ventilasjonsanlegget g\u00e5r hele tiden (ekstremt viktig \u2013 viften skal alltid g\u00e5 \u2013 minimum p\u00e5 \u201dtomgang\u201d).<br \/>\nAt kanaler p\u00e5 loft ikke er lekk, avkappet eller flatklemt. Der hvor loft brukes til oppbevaring er det spesielt viktig at dette kontrolleres.<br \/>\nAt ventiler (i bad, vaskerom, toalett etc) vaskes\/rengj\u00f8res regelmessig.<br \/>\nAt filtre til kj\u00f8kkenhettene vaskes\/renses regelmessig. Evt. bytte disse.<br \/>\nEventuelle problem med ventilasjonsmotor og tilh\u00f8rende kanaler skal straks meldes styret! For \u00f8vrig henvises det til paragraf 8 i husordensreglene. Det skal ikke monteres balansert ventilasjon da dette vil forstyrre husenes ventilasjonsanlegg.<\/p>\n<p>Varmepumpe er ikke tillatt montert.<\/p>\n<p>Innemilj\u00f8<\/p>\n<p>For \u00e5 opprettholde et godt inneklima er det viktig med rikelig friskluft.<\/p>\n<p>Lufting b\u00f8r skje ved at man hurtig lufter gjennom store \u00e5pninger, s\u00e5 som d\u00f8rer og vinduer. Langvarig lufting gjennom vinduer som st\u00e5r p\u00e5 gl\u00f8tt mesteparten av \u00e5ret kan for\u00e5rsake mugg og r\u00e5te i vinduskarmen og verste fall i veggen under vinduet.<\/p>\n<p>Ved bruk av vedovn eller peis er det sv\u00e6rt viktig med god trekk som vil forhindre r\u00f8yknedfall.<\/p>\n<p>Loftet<\/p>\n<p>P\u00e5 loftet f\u00e5r skader ofte utvikle seg i ro og mak da dette er et sted vi sjelden er. N\u00e5r vi eventuelt oppdager en skade her kan skadeforl\u00f8pet ha g\u00e5tt veldig langt.<\/p>\n<p>Kontrollerer man loftet etter ekstreme v\u00e6rforhold som slagregn\/sn\u00f8drev eller ved ekstrem kulde og oppdager noe foruroligende s\u00e5 vent ikke med \u00e5 kontakte noen i borettslagets styre.<\/p>\n<p>En tidlig varsling betyr mindre skadeomfang.<\/p>\n<p>Slukene<br \/>\nSlukene i bad, vasker, vaskerom etc. m\u00e5 holdes rene. Opphopning av vann rundt ett sluk kan p\u00e5f\u00f8re din egen eller naboens leilighet store skader. Det er viktig \u00e5 etterfylle sluk som sjelden er i bruk med vann gjerne tilsatt f.eks. noen dr\u00e5per soyaolje s\u00e5 ikke vannet s\u00e5 lett fordamper.<\/p>\n<p>T\u00f8rre sluk med \u00e5pning rett ned i kloakken kan gi d\u00e5rlig lukt i boligen.<\/p>\n<p>Takrenner<br \/>\nDet er sv\u00e6rt viktig \u00e5 holde nedl\u00f8pspunktet p\u00e5 takrenna fri for l\u00f8v o.l.<\/p>\n<p>Oversv\u00f8mmelse av takrenna vil p\u00e5f\u00f8re panelbordene un\u00f8dig mye fukt, noe som igjen vil for\u00e5rsake r\u00e5teskader, sprekker etc. Ta ingen sjanser for egen sikkerhet ved store h\u00f8yder, kontakt heller da ansvarlig for vedlikehold i styret, som vil formidle deg til rette vedkommende<\/p>\n<p>OPPUSSING<br \/>\nNoen beboere gj\u00f8r oppussing \/ forandring i boligen feil. Dette skaper mye etterarbeid n\u00e5r det blir stilt sp\u00f8rsm\u00e5l rundt arbeidet ved eierskifte, forsikringskade o.l.<\/p>\n<p>For \u00e5 unng\u00e5 at feil blir gjort, og at problemer dukker opp i etterkant ved eierskifte etc, skal borettslagets styre kontaktes og gis innsyn i planer, dersom det skal foretas oppussing \/ forandring i boenhet som griper inn i f\u00f8lgende omr\u00e5der: &#8211; Ventilasjonsystem \/ kj\u00f8kkenventilator &#8211; Vannr\u00f8r \/ avl\u00f8p og varmtvannsbereder &#8211; Elektriske anlegg &#8211; Gulvarbeider \/st\u00f8ydempende l\u00f8sninger &#8211; Forandring av roml\u00f8sning \/ flytting av vegg &#8211; Utearbeider som kan gj\u00f8re at tilgang til bordkledning \/ husvegg blir begrenset Det forutsettes ellers at godkjente h\u00e5ndverkere blir brukt der dette kreves. Det oppfordres ogs\u00e5 til \u00e5 ta kontakt med styret dersom andre sp\u00f8rsm\u00e5l rundt oppussing.<\/p>\n<p>Ansvarsfordeling mellom indre(=beboer) og ytre(=brl) vedlikehold er forklart her:\u00a0<a href=\"https:\/\/www.akebakkeskogen.no\/wp-content\/uploads\/Vedlikehold+ansvarsforhold_I_PLANTEGNING_ANSVARSFORDELING.pdf\">Vedlikehold ansvarsforhold<\/a><\/p>\n<p><strong>FARGEKODER MALING AKEBAKKESKOGEN BORETTSLAG<\/strong><\/p>\n<p>R\u00d8DT FELT: Kun oksydr\u00f8d base, Drygolin oljedekkbeis<\/p>\n<p>HVITT FELT: Drygolin oljedekkbeis, A-base, OK\/007 , RE\/002 , SV\/009<\/p>\n<p>GR\u00d8NT FELT: Fargekode (i NCS-systemet): S6010-G50Y<span style=\"color: #808080;\"><small> [oppdatert 5. aug. 2016, basert p\u00e5 farger brukt ved maling\u00a0i 2014.]<\/small><\/span><\/p>\n<p>BL\u00c5TT FELT: Drygolin oljedekkbeis, C-base BV\/029 , HT\/100 , SS\/110<\/p>\n<p>D\u00d8RER \/ LISTER \/ VINDUER: Eggehvit 0502-y, Drygolin vindus\/d\u00f8rmaling<\/p>\n\n\n<p>Seriekoblet r\u00f8ykvarsler<\/p>\n\n\n\n<figure class=\"wp-block-image size-full\"><img loading=\"lazy\" decoding=\"async\" width=\"638\" height=\"798\" src=\"https:\/\/www.akebakkeskogen.no\/wp-content\/uploads\/image.png\" alt=\"\" class=\"wp-image-1464\" srcset=\"https:\/\/www.akebakkeskogen.no\/wp-content\/uploads\/image.png 638w, https:\/\/www.akebakkeskogen.no\/wp-content\/uploads\/image-240x300.png 240w\" sizes=\"auto, (max-width: 638px) 100vw, 638px\" \/><\/figure>\n\n\n\n<p>Bestille\/montering lader Elaway:<\/p>\n\n\n\n<p><a href=\"https:\/\/elaway.io\/no\/drivers\/onboarding\/3b43bfa9-e93f-584b-9a92-c1d7511ddf59\/new-or-existing\">https:\/\/elaway.io\/no\/drivers\/onboarding\/3b43bfa9-e93f-584b-9a92-c1d7511ddf59\/new-or-existing<\/a><\/p>\n\n\n\n<p><\/p>\n\n\n\n<p><\/p>\n","protected":false},"excerpt":{"rendered":"<p>Referanse: Husordensregler \u00a78, Husleiekontrakt \u00a77 Indre og ytre vedlikehold &#8211; &laquo;hjelp til selvhjelp&raquo; Postkasseskilt:\u00a0Bestilling av postkasseskilt D\u00f8rer D\u00f8rene m\u00e5 \u00e5rlig sm\u00f8res i hengsler og l\u00e5ser med vanlig l\u00e5solje, 556 spray eller annet egnet sm\u00f8remiddel. Gulv Ved oppussing\/utskifting av gulv, parkett &hellip; <a href=\"https:\/\/www.akebakkeskogen.no\/?page_id=152\">Les videre <span class=\"meta-nav\">&rarr;<\/span><\/a><\/p>\n","protected":false},"author":1,"featured_media":0,"parent":0,"menu_order":0,"comment_status":"open","ping_status":"open","template":"","meta":{"footnotes":""},"class_list":["post-152","page","type-page","status-publish","hentry"],"_links":{"self":[{"href":"https:\/\/www.akebakkeskogen.no\/index.php?rest_route=\/wp\/v2\/pages\/152","targetHints":{"allow":["GET"]}}],"collection":[{"href":"https:\/\/www.akebakkeskogen.no\/index.php?rest_route=\/wp\/v2\/pages"}],"about":[{"href":"https:\/\/www.akebakkeskogen.no\/index.php?rest_route=\/wp\/v2\/types\/page"}],"author":[{"embeddable":true,"href":"https:\/\/www.akebakkeskogen.no\/index.php?rest_route=\/wp\/v2\/users\/1"}],"replies":[{"embeddable":true,"href":"https:\/\/www.akebakkeskogen.no\/index.php?rest_route=%2Fwp%2Fv2%2Fcomments&post=152"}],"version-history":[{"count":16,"href":"https:\/\/www.akebakkeskogen.no\/index.php?rest_route=\/wp\/v2\/pages\/152\/revisions"}],"predecessor-version":[{"id":1520,"href":"https:\/\/www.akebakkeskogen.no\/index.php?rest_route=\/wp\/v2\/pages\/152\/revisions\/1520"}],"wp:attachment":[{"href":"https:\/\/www.akebakkeskogen.no\/index.php?rest_route=%2Fwp%2Fv2%2Fmedia&parent=152"}],"curies":[{"name":"wp","href":"https:\/\/api.w.org\/{rel}","templated":true}]}}