{"id":1164,"date":"2020-09-26T08:44:49","date_gmt":"2020-09-26T07:44:49","guid":{"rendered":"http:\/\/www.akebakkeskogen.no\/?page_id=1164"},"modified":"2020-09-26T08:47:41","modified_gmt":"2020-09-26T07:47:41","slug":"styret-informerer-9-2020","status":"publish","type":"page","link":"https:\/\/www.akebakkeskogen.no\/?page_id=1164","title":{"rendered":"Styret informerer nr. 6\/2020"},"content":{"rendered":"\n<p><strong>Infrastruktur til ladbare biler<\/strong><\/p>\n\n\n\n<p>Styret kan endelig informere om at det er inng\u00e5tt avtale om etablering av infrastruktur til ladbare biler. Det var til slutt tilbud fra Ladeklar som ble akseptert.&nbsp;<\/p>\n\n\n\n<p>Ladeklar har informert om at Lefdal Installasjon har f\u00e5tt tildelt oppdraget med selve installasjonen, og at det f\u00f8rste som gj\u00f8res er \u00e5 s\u00f8ke om ladeanlegg hos netteier Elvia. Behandlingstiden her tar dessverre noe tid (estimert 8 uker), men styret har bedt Ladeklar om \u00e5 iverksette prosessen med videre prosjektering ift. graving osv. mens vi venter p\u00e5 svar fra Elvia. Vi h\u00e5per derfor p\u00e5 at vi kan komme i gang med dette s\u00e5 snart som mulig.&nbsp;<\/p>\n\n\n\n<p>I forrige Styret informerer (nr. 5\/2020) anmodet styret om at de som tenker seg ladepunkt \u00e5 gi tilbakemelding om dette, slik at vi hadde et estimert antall ladebokser i forhandlinger med tilbyderne. Styret takker for alle tilbakemeldinger vi fikk i forbindelse med dette! Vi gj\u00f8r oppmerksom p\u00e5 at dette imidlertid ikke regnes som noe bindende bestilling. Vi vil komme n\u00e6rmere tilbake med mer informasjon n\u00e5r det n\u00e6rmer seg faktisk bestilling av ladebokser. Vi vil ogs\u00e5 komme n\u00e6rmere tilbake med svar p\u00e5 sp\u00f8rsm\u00e5lene som har kommet i forbindelse med dette.&nbsp;<\/p>\n\n\n\n<p><strong>Etablering<\/strong><strong> av Aktivitetsplass<\/strong><\/p>\n\n\n\n<p>P\u00e5 generalforsamlingen i juni i \u00e5r ble det besluttet at planen om Aktivitetsplass skal realiseres. Deretter fikk alle andelseiere mulighet \u00e5 svare p\u00e5 et sp\u00f8rreskjema og komme med innspill. P\u00e5 bakgrunn av svarene ble planene justert og konkretisert i samarbeid med firmaet Klatrebarna, som ble valgt til \u00e5 lage Aktivitetsplassen. Det blir et stativ for egenvekt-trening, elipsemaskin, 2 snurre lekeapparater, lang sklie og en morsom hinderl\u00f8ype.&nbsp;<\/p>\n\n\n\n<p>Det er vektlagt at m\u00e5let med Aktivitetsplassen er \u00e5 tilrettelegge for aktivitet, trening, lek og rekreasjon for st\u00f8rre barn, ungdom, voksne og eldre i borettslaget. Form\u00e5let er ogs\u00e5 at plassen kan bidra til \u00e5 styrke trivsel, samhold og fellesskap p\u00e5 tvers av generasjoner, og fremme fysisk og psykisk helse for beboerne.&nbsp;<\/p>\n\n\n\n<p>Det planlegges at Klatrebarna og deres samarbeidspartnere starter arbeidet med \u00e5 grave, levere og montere apparatene i kalenderuke 40. Pristilbudet er omtrent 600.000 (hvor av 200.000kr&nbsp;<\/p>\n\n\n\n<p>dekkes av tilskudd fra USBL Milj\u00f8fond). MU har i samarbeid med firmaet og styret tatt hensyn til tomten og terrenget n\u00e5r det gjelder planlegging av apparater og materialvalg, og planlagt plassering av apparatene. Firmaet vil s\u00f8rge for at HMS kravene oppfylles hva ang\u00e5r plassering og fallunderlag og sikkerhetssoner. Naturlig bark velges som underlag for at det skal gli mest mulig inn i milj\u00f8et. Det settes opp en infotavle med bl.a. tips til trening. Vi gleder oss til de mulighetene Aktivitetsplassen gir alle beboere.<\/p>\n\n\n\n<p>Det er avtalt med styret at samtidig, som firmaet er her for \u00e5 etablere Aktivitetsplassen, vil de montere en ny huske p\u00e5 bl\u00e5tt felt, som erstatning for den, som ble fjernet for noen \u00e5r siden pga. den holdt ikke HMS krav.<\/p>\n\n\n\n<p>Dersom det er noen sp\u00f8rsm\u00e5l, er det bare \u00e5 henvende seg til MU.&nbsp;<\/p>\n\n\n\n<p>Med vennlig hilsen Milj\u00f8utvalget<\/p>\n\n\n\n<p>Dana Stene (bl\u00e5tt), Kristian Franer (gr\u00f8nt), Hanne Botnen (hvitt) og Yngve Hilmo (r\u00f8dt). &nbsp;<\/p>\n\n\n\n<p><strong>Kontroll av ventilasjonsanlegg<\/strong><\/p>\n\n\n\n<p>Det ble i februar foretatt kontroll og rens av ventilasjonsanlegget i borettslaget. Det var da enkelte andeler som ikke ble kontrollert, og styret har engasjert PowerClean til \u00e5 foreta kontroll her, for \u00e5 f\u00e5 fullstendig oversikt over anlegget, gjennomf\u00f8rt rens og avdekket eventuelle avvik. Kontrollen vil bli gjennomf\u00f8rt 22. oktober, og PowerClean tar kontakt med dem det gjelder i den forbindelse.&nbsp;<\/p>\n\n\n\n<p>Det har i etterkant av forrige kontroll kommet enkelte tilbakemeldinger p\u00e5 \u00f8kt st\u00f8y og andre avvik. Styret f\u00f8lger opp dette med bistand fra PowerClean og eventuelle samarbeidspartnere.&nbsp;<\/p>\n\n\n\n<p><strong>Pass godt p\u00e5 gjenstandene deres!&nbsp;<\/strong><\/p>\n\n\n\n<p>Styret har f\u00e5tt melding fra beboer p\u00e5 hvitt som opplevde at l\u00e5st elsykkel plassert utenfor boligen ble stj\u00e5let for et par uker siden. Vi oppfordrer alle til \u00e5 passe p\u00e5 og sikre gjenstandene sine, i tilfelle det er tyver p\u00e5 ferde i omr\u00e5det.&nbsp;<\/p>\n\n\n\n<p>Hilsen Styret<\/p>\n","protected":false},"excerpt":{"rendered":"<p>Infrastruktur til ladbare biler Styret kan endelig informere om at det er inng\u00e5tt avtale om etablering av infrastruktur til ladbare biler. Det var til slutt tilbud fra Ladeklar som ble akseptert.&nbsp; Ladeklar har informert om at Lefdal Installasjon har f\u00e5tt &hellip; <a href=\"https:\/\/www.akebakkeskogen.no\/?page_id=1164\">Les videre <span class=\"meta-nav\">&rarr;<\/span><\/a><\/p>\n","protected":false},"author":6,"featured_media":0,"parent":0,"menu_order":0,"comment_status":"closed","ping_status":"closed","template":"","meta":{"footnotes":""},"class_list":["post-1164","page","type-page","status-publish","hentry"],"_links":{"self":[{"href":"https:\/\/www.akebakkeskogen.no\/index.php?rest_route=\/wp\/v2\/pages\/1164","targetHints":{"allow":["GET"]}}],"collection":[{"href":"https:\/\/www.akebakkeskogen.no\/index.php?rest_route=\/wp\/v2\/pages"}],"about":[{"href":"https:\/\/www.akebakkeskogen.no\/index.php?rest_route=\/wp\/v2\/types\/page"}],"author":[{"embeddable":true,"href":"https:\/\/www.akebakkeskogen.no\/index.php?rest_route=\/wp\/v2\/users\/6"}],"replies":[{"embeddable":true,"href":"https:\/\/www.akebakkeskogen.no\/index.php?rest_route=%2Fwp%2Fv2%2Fcomments&post=1164"}],"version-history":[{"count":2,"href":"https:\/\/www.akebakkeskogen.no\/index.php?rest_route=\/wp\/v2\/pages\/1164\/revisions"}],"predecessor-version":[{"id":1168,"href":"https:\/\/www.akebakkeskogen.no\/index.php?rest_route=\/wp\/v2\/pages\/1164\/revisions\/1168"}],"wp:attachment":[{"href":"https:\/\/www.akebakkeskogen.no\/index.php?rest_route=%2Fwp%2Fv2%2Fmedia&parent=1164"}],"curies":[{"name":"wp","href":"https:\/\/api.w.org\/{rel}","templated":true}]}}