{"id":1159,"date":"2020-09-26T08:33:10","date_gmt":"2020-09-26T07:33:10","guid":{"rendered":"http:\/\/www.akebakkeskogen.no\/?page_id=1159"},"modified":"2020-09-26T08:33:10","modified_gmt":"2020-09-26T07:33:10","slug":"etablering-av-aktivitetsplass","status":"publish","type":"page","link":"https:\/\/www.akebakkeskogen.no\/?page_id=1159","title":{"rendered":"Etablering av Aktivitetsplass"},"content":{"rendered":"\n<p>P\u00e5 generalforsamlingen i juni i \u00e5r ble det besluttet at planen om Aktivitetsplass skal realiseres. Deretter fikk alle andelseiere mulighet \u00e5 svare p\u00e5 et sp\u00f8rreskjema og komme med innspill. P\u00e5 bakgrunn av svarene ble planene justert og konkretisert i samarbeid med firmaet Klatrebarna, som ble valgt til \u00e5 lage Aktivitetsplassen. Det blir et stativ for egenvekt-trening, elipsemaskin, 2 snurre lekeapparater, lang sklie og en morsom hinderl\u00f8ype.&nbsp;<\/p>\n\n\n\n<p>Det er vektlagt at m\u00e5let med Aktivitetsplassen er \u00e5 tilrettelegge for aktivitet, trening, lek og rekreasjon for st\u00f8rre barn, ungdom, voksne og eldre i borettslaget. Form\u00e5let er ogs\u00e5 at plassen kan bidra til \u00e5 styrke trivsel, samhold og fellesskap p\u00e5 tvers av generasjoner, og fremme fysisk og psykisk helse for beboerne.&nbsp;<\/p>\n\n\n\n<p>Det planlegges at Klatrebarna og deres samarbeidspartnere starter arbeidet med \u00e5 grave, levere og montere apparatene i kalenderuke 40. Pristilbudet er omtrent 600.000 (hvor av 200.000kr&nbsp;<\/p>\n\n\n\n<p>dekkes av tilskudd fra USBL Milj\u00f8fond). MU har i samarbeid med firmaet og styret tatt hensyn til tomten og terrenget n\u00e5r det gjelder planlegging av apparater og materialvalg, og planlagt plassering av apparatene. Firmaet vil s\u00f8rge for at HMS kravene oppfylles hva ang\u00e5r plassering og fallunderlag og sikkerhetssoner. Naturlig bark velges som underlag for at det skal gli mest mulig inn i milj\u00f8et. Det settes opp en infotavle med bl.a. tips til trening. Vi gleder oss til de mulighetene Aktivitetsplassen gir alle beboere.<\/p>\n\n\n\n<p>Det er avtalt med styret at samtidig, som firmaet er her for \u00e5 etablere Aktivitetsplassen, vil de montere en ny huske p\u00e5 bl\u00e5tt felt, som erstatning for den, som ble fjernet for noen \u00e5r siden pga. den holdt ikke HMS krav.<\/p>\n\n\n\n<p>Dersom det er noen sp\u00f8rsm\u00e5l, er det bare \u00e5 henvende seg til MU.&nbsp;<\/p>\n\n\n\n<p>Med vennlig hilsen Milj\u00f8utvalget<\/p>\n\n\n\n<p>Dana Stene (bl\u00e5tt), Kristian Franer (gr\u00f8nt), Hanne Botnen (hvitt) og Yngve Hilmo (r\u00f8dt). &nbsp;<\/p>\n","protected":false},"excerpt":{"rendered":"<p>P\u00e5 generalforsamlingen i juni i \u00e5r ble det besluttet at planen om Aktivitetsplass skal realiseres. Deretter fikk alle andelseiere mulighet \u00e5 svare p\u00e5 et sp\u00f8rreskjema og komme med innspill. P\u00e5 bakgrunn av svarene ble planene justert og konkretisert i samarbeid &hellip; <a href=\"https:\/\/www.akebakkeskogen.no\/?page_id=1159\">Les videre <span class=\"meta-nav\">&rarr;<\/span><\/a><\/p>\n","protected":false},"author":6,"featured_media":0,"parent":0,"menu_order":0,"comment_status":"closed","ping_status":"closed","template":"","meta":{"footnotes":""},"class_list":["post-1159","page","type-page","status-publish","hentry"],"_links":{"self":[{"href":"https:\/\/www.akebakkeskogen.no\/index.php?rest_route=\/wp\/v2\/pages\/1159","targetHints":{"allow":["GET"]}}],"collection":[{"href":"https:\/\/www.akebakkeskogen.no\/index.php?rest_route=\/wp\/v2\/pages"}],"about":[{"href":"https:\/\/www.akebakkeskogen.no\/index.php?rest_route=\/wp\/v2\/types\/page"}],"author":[{"embeddable":true,"href":"https:\/\/www.akebakkeskogen.no\/index.php?rest_route=\/wp\/v2\/users\/6"}],"replies":[{"embeddable":true,"href":"https:\/\/www.akebakkeskogen.no\/index.php?rest_route=%2Fwp%2Fv2%2Fcomments&post=1159"}],"version-history":[{"count":2,"href":"https:\/\/www.akebakkeskogen.no\/index.php?rest_route=\/wp\/v2\/pages\/1159\/revisions"}],"predecessor-version":[{"id":1161,"href":"https:\/\/www.akebakkeskogen.no\/index.php?rest_route=\/wp\/v2\/pages\/1159\/revisions\/1161"}],"wp:attachment":[{"href":"https:\/\/www.akebakkeskogen.no\/index.php?rest_route=%2Fwp%2Fv2%2Fmedia&parent=1159"}],"curies":[{"name":"wp","href":"https:\/\/api.w.org\/{rel}","templated":true}]}}