{"id":1145,"date":"2020-06-18T20:37:38","date_gmt":"2020-06-18T19:37:38","guid":{"rendered":"http:\/\/www.akebakkeskogen.no\/?page_id=1145"},"modified":"2020-06-18T20:37:38","modified_gmt":"2020-06-18T19:37:38","slug":"aktivitetsplass","status":"publish","type":"page","link":"https:\/\/www.akebakkeskogen.no\/?page_id=1145","title":{"rendered":"Aktivitetsplass"},"content":{"rendered":"<p>18.06.2020<br \/>\nGF besluttet at plan om aktivitetsplass skal realiseres. P\u00e5 GF oppfordret vi beboerne til \u00e5 komme med innspill. Vi fors\u00f8ker \u00e5 lytte til alle sine innspill og veie de ulike \u00f8nsker opp mot hverandre, og balansere det opp mot budsjettrammen og f\u00f8ringer som er satt i samarbeid med styret. Som bla valg av materiale og farger som glir inn i milj\u00f8et, og \u00f8nske om \u00e5 minimere gravingen. Samt at vi vil velge elementer som treffer m\u00e5lgruppen, og etter beste evne fastholde at intensjonen er \u00e5 etablere en m\u00f8teplass p\u00e5 tvers av generasjoner, som fremmer fysisk og psykisk helse og trivsel for beboerne og styrker samholdet. Alle har i dag f\u00e5tt et sp\u00f8rreskjema i sin postkasse hvor man ogs\u00e5 kan vedlegge andre kommentarer\/innspill. NB kort frist, fredag, pga ferie tid. Vi vil gj\u00f8r s\u00e5 godt vi kan med \u00e5 f\u00e5 til en aktivitetsplass hvor vi ikke skal grave mer enn n\u00f8dvendig. + At plassering av elementene fors\u00f8kes \u00e5 gj\u00f8re s\u00e5 hensiktsmessig som mulig i terrenget, med m\u00e5l om \u00e5 finne gode l\u00f8sninger for \u00e5 oppfylle alle de strenge kravene om sikkerhets-soner rundt elementene, og samtidig bevare s\u00e5 mye som mulig av vegetasjonen som styret, Milj\u00f8utvalget og gr\u00f8ntplanen for borettslaget er opptatt av. Det er kun en liten del av arealet mellom bl\u00e5tt felt og grusveien som planlegges brukt til aktivitetsplass. Selvf\u00f8lgelig vil vi unng\u00e5 graving i n\u00e6rheten av furu tr\u00e6rne. Enighet om at den flateste, \u00e5pne dele av omr\u00e5det er det man planlegger \u00e5 bruke i hovedsak. Og plassering av elementene er planlagt i samr\u00e5d med kompetansen til firmaene som har vert p\u00e5 befaring, og styret, som vi i hele prosessen har hatt tett dialog med, og oss i milj\u00f8utvalget, &#8211; hvor vi alle etter beste evne fors\u00f8ker \u00e5 l\u00f8se det best mulig. Forbehold om n\u00f8yaktig plassering er pga viss det dukker opp berg\/store steiner, s\u00e5 m\u00e5 plassering justeres. Har noen sp\u00f8rsm\u00e5l, er det bare \u00e5 ta kontakt med feltet sin representant i MU. Se nettsiden til borettslaget for kontaktinfo.<\/p>\n<p>Mvh oss i MU<\/p>\n","protected":false},"excerpt":{"rendered":"<p>18.06.2020 GF besluttet at plan om aktivitetsplass skal realiseres. P\u00e5 GF oppfordret vi beboerne til \u00e5 komme med innspill. Vi fors\u00f8ker \u00e5 lytte til alle sine innspill og veie de ulike \u00f8nsker opp mot hverandre, og balansere det opp mot &hellip; <a href=\"https:\/\/www.akebakkeskogen.no\/?page_id=1145\">Les videre <span class=\"meta-nav\">&rarr;<\/span><\/a><\/p>\n","protected":false},"author":6,"featured_media":0,"parent":0,"menu_order":0,"comment_status":"closed","ping_status":"closed","template":"","meta":{"footnotes":""},"class_list":["post-1145","page","type-page","status-publish","hentry"],"_links":{"self":[{"href":"https:\/\/www.akebakkeskogen.no\/index.php?rest_route=\/wp\/v2\/pages\/1145","targetHints":{"allow":["GET"]}}],"collection":[{"href":"https:\/\/www.akebakkeskogen.no\/index.php?rest_route=\/wp\/v2\/pages"}],"about":[{"href":"https:\/\/www.akebakkeskogen.no\/index.php?rest_route=\/wp\/v2\/types\/page"}],"author":[{"embeddable":true,"href":"https:\/\/www.akebakkeskogen.no\/index.php?rest_route=\/wp\/v2\/users\/6"}],"replies":[{"embeddable":true,"href":"https:\/\/www.akebakkeskogen.no\/index.php?rest_route=%2Fwp%2Fv2%2Fcomments&post=1145"}],"version-history":[{"count":2,"href":"https:\/\/www.akebakkeskogen.no\/index.php?rest_route=\/wp\/v2\/pages\/1145\/revisions"}],"predecessor-version":[{"id":1147,"href":"https:\/\/www.akebakkeskogen.no\/index.php?rest_route=\/wp\/v2\/pages\/1145\/revisions\/1147"}],"wp:attachment":[{"href":"https:\/\/www.akebakkeskogen.no\/index.php?rest_route=%2Fwp%2Fv2%2Fmedia&parent=1145"}],"curies":[{"name":"wp","href":"https:\/\/api.w.org\/{rel}","templated":true}]}}